{"id":29,"date":"2026-03-04T14:41:51","date_gmt":"2026-03-04T14:41:51","guid":{"rendered":"https:\/\/maeliontech.se\/startsida\/"},"modified":"2026-04-02T14:12:31","modified_gmt":"2026-04-02T14:12:31","slug":"startsida","status":"publish","type":"page","link":"https:\/\/maeliontech.se\/sv_se\/","title":{"rendered":"Startsida"},"content":{"rendered":"\n<div class=\"wp-block-group alignfull ext-hero-section is-style-ext-preset--group--natural-1--section has-background-background-color has-background has-global-padding is-layout-constrained wp-container-core-group-is-layout-36519b8a wp-block-group-is-layout-constrained\" style=\"margin-top:0;margin-bottom:0;padding-top:var(--wp--preset--spacing--50);padding-bottom:var(--wp--preset--spacing--70)\">\n<div class=\"wp-block-group alignwide ext-animate--on has-global-padding is-layout-constrained wp-container-core-group-is-layout-2287c683 wp-block-group-is-layout-constrained\">\n<h1 class=\"wp-block-heading has-text-align-center ext-animate--on\">N\u00e4r komponenterna strular, leveranserna haltar eller konstruktionen inte h\u00e5ller \u2013 d\u00e5 beh\u00f6ver du en partner som l\u00f6ser det p\u00e5 riktigt.<\/h1>\n\n\n\n<p class=\"has-text-align-center ext-animate--on\">Maelion Tech f\u00f6renklar komplexa tekniska utmaningar vi hj\u00e4lper teknik- och produktbolag att v\u00e4lja r\u00e4tt komponenter, l\u00f6sa tekniska utmaningar och s\u00e4kra stabil produktion..<\/p>\n\n\n\n<div class=\"wp-block-buttons ext-animate--on is-content-justification-center is-layout-flex wp-container-core-buttons-is-layout-a89b3969 wp-block-buttons-is-layout-flex\">\n<div class=\"wp-block-button is-style-ext-preset--button--natural-1--button-1 is-style-ext-preset--button--natural-1--button-1--2\"><a class=\"wp-block-button__link wp-element-button\" href=\"https:\/\/maeliontech.se\/L\u00e4s Mer\" target=\"_blank\" rel=\"noreferrer noopener\">L\u00e4s mer<\/a><\/div>\n<\/div>\n<\/div>\n\n\n\n<div class=\"wp-block-columns alignwide are-vertically-aligned-bottom is-layout-flex wp-container-core-columns-is-layout-13e2ef3f wp-block-columns-is-layout-flex\">\n<div class=\"wp-block-column is-vertically-aligned-bottom ext-animate--on is-layout-flow wp-block-column-is-layout-flow\">\n<div class=\"wp-block-group is-style-ext-preset--group--natural-1--item-card-1--align-start has-global-padding is-layout-constrained wp-block-group-is-layout-constrained is-style-ext-preset--group--natural-1--item-card-1--align-start--3\">\n<div class=\"wp-block-group has-global-padding is-layout-constrained wp-container-core-group-is-layout-639b5052 wp-block-group-is-layout-constrained\" style=\"padding-top:0;padding-right:0;padding-bottom:0;padding-left:0\">\n<div class=\"wp-block-cover has-custom-content-position is-position-bottom-left is-style-ext-preset--cover--natural-1--cover-overlay-1 has-aspect-ratio is-style-ext-preset--cover--natural-1--cover-overlay-1--4\" style=\"padding-top:24px;padding-right:24px;padding-bottom:24px;padding-left:24px;aspect-ratio:2\/3;min-height:unset;\"><img loading=\"lazy\" decoding=\"async\" width=\"1440\" height=\"1028\" class=\"wp-block-cover__image-background wp-image-48\" alt=\"\" src=\"https:\/\/maeliontech.se\/wp-content\/uploads\/2026\/03\/3f2cb9d3b3ac0cb7b2838184080c0786e138b311.jpg\" data-object-fit=\"cover\" srcset=\"https:\/\/maeliontech.se\/wp-content\/uploads\/2026\/03\/3f2cb9d3b3ac0cb7b2838184080c0786e138b311.jpg 1440w, https:\/\/maeliontech.se\/wp-content\/uploads\/2026\/03\/3f2cb9d3b3ac0cb7b2838184080c0786e138b311-300x214.jpg 300w, https:\/\/maeliontech.se\/wp-content\/uploads\/2026\/03\/3f2cb9d3b3ac0cb7b2838184080c0786e138b311-1024x731.jpg 1024w, https:\/\/maeliontech.se\/wp-content\/uploads\/2026\/03\/3f2cb9d3b3ac0cb7b2838184080c0786e138b311-768x548.jpg 768w, https:\/\/maeliontech.se\/wp-content\/uploads\/2026\/03\/3f2cb9d3b3ac0cb7b2838184080c0786e138b311-18x12.jpg 18w\" sizes=\"auto, (max-width: 1440px) 100vw, 1440px\" \/><span aria-hidden=\"true\" class=\"wp-block-cover__background has-background-dim-60 has-background-dim\"><\/span><div class=\"wp-block-cover__inner-container has-global-padding is-layout-constrained wp-container-core-cover-is-layout-64063943 wp-block-cover-is-layout-constrained\">\n<div class=\"wp-block-group has-global-padding is-content-justification-left is-layout-constrained wp-container-core-group-is-layout-417067bb wp-block-group-is-layout-constrained\" style=\"padding-top:0;padding-right:0;padding-bottom:0;padding-left:0\">\n<hr class=\"wp-block-separator has-text-color has-alpha-channel-opacity has-background\" style=\"background-color:#fefefe;color:#fefefe\"\/>\n<\/div>\n\n\n\n<p>Vi \u00e4r dedikerade till att m\u00f6jligg\u00f6ra teknisk excellens och skapa v\u00e4rde genom innovativa l\u00f6sningar och partnerskap.<\/p>\n<\/div><\/div>\n<\/div>\n<\/div>\n<\/div>\n\n\n\n<div class=\"wp-block-column is-vertically-aligned-bottom ext-animate--on is-layout-flow wp-block-column-is-layout-flow\">\n<div class=\"wp-block-group is-style-ext-preset--group--natural-1--item-card-1--align-start has-tertiary-background-color has-background has-global-padding is-layout-constrained wp-container-core-group-is-layout-eb7ca697 wp-block-group-is-layout-constrained is-style-ext-preset--group--natural-1--item-card-1--align-start--5\" style=\"padding-top:1px;padding-right:1px;padding-bottom:1px;padding-left:1px\">\n<div class=\"wp-block-group is-style-default has-global-padding is-layout-constrained wp-container-core-group-is-layout-a35945ca wp-block-group-is-layout-constrained\" style=\"min-height:280px;padding-top:var(--wp--preset--spacing--30);padding-right:var(--wp--preset--spacing--30);padding-bottom:var(--wp--preset--spacing--30);padding-left:var(--wp--preset--spacing--30)\">\n<p class=\"ext-animate--on\">Framg\u00e5ngsrika projekt som visar v\u00e5r f\u00f6rm\u00e5ga att leverera teknikl\u00f6sningar av h\u00f6gsta kvalitet.<\/p>\n<\/div>\n<\/div>\n<\/div>\n\n\n\n<div class=\"wp-block-column is-vertically-aligned-bottom ext-animate--on is-layout-flow wp-block-column-is-layout-flow\">\n<figure class=\"wp-block-gallery has-nested-images columns-default is-cropped ext-animate--on wp-block-gallery-7 is-layout-flex wp-block-gallery-is-layout-flex\">\n<figure class=\"wp-block-image size-full is-style-ext-preset--image--natural-1--image-1--content-bottom ext-animate--on is-style-ext-preset--image--natural-1--image-1--content-bottom--6\"><img loading=\"lazy\" decoding=\"async\" width=\"2560\" height=\"1707\" data-id=\"152\" src=\"https:\/\/maeliontech.se\/wp-content\/uploads\/2026\/03\/xzx717073557-electronic-connector-7669297-scaled.jpg\" alt=\"\" class=\"wp-image-152\" style=\"object-fit:cover\" srcset=\"https:\/\/maeliontech.se\/wp-content\/uploads\/2026\/03\/xzx717073557-electronic-connector-7669297-scaled.jpg 2560w, https:\/\/maeliontech.se\/wp-content\/uploads\/2026\/03\/xzx717073557-electronic-connector-7669297-300x200.jpg 300w, https:\/\/maeliontech.se\/wp-content\/uploads\/2026\/03\/xzx717073557-electronic-connector-7669297-1024x683.jpg 1024w, https:\/\/maeliontech.se\/wp-content\/uploads\/2026\/03\/xzx717073557-electronic-connector-7669297-768x512.jpg 768w, https:\/\/maeliontech.se\/wp-content\/uploads\/2026\/03\/xzx717073557-electronic-connector-7669297-1536x1024.jpg 1536w, https:\/\/maeliontech.se\/wp-content\/uploads\/2026\/03\/xzx717073557-electronic-connector-7669297-2048x1365.jpg 2048w, https:\/\/maeliontech.se\/wp-content\/uploads\/2026\/03\/xzx717073557-electronic-connector-7669297-18x12.jpg 18w\" sizes=\"auto, (max-width: 2560px) 100vw, 2560px\" \/><\/figure>\n<\/figure>\n<\/div>\n\n\n\n<div class=\"wp-block-column is-vertically-aligned-bottom ext-animate--on is-layout-flow wp-block-column-is-layout-flow\">\n<div class=\"wp-block-group is-style-ext-preset--group--natural-1--item-card-1--align-start has-tertiary-background-color has-background has-global-padding is-layout-constrained wp-container-core-group-is-layout-eb7ca697 wp-block-group-is-layout-constrained is-style-ext-preset--group--natural-1--item-card-1--align-start--8\" style=\"padding-top:1px;padding-right:1px;padding-bottom:1px;padding-left:1px\">\n<div class=\"wp-block-group is-style-default has-global-padding is-layout-constrained wp-container-core-group-is-layout-a35945ca wp-block-group-is-layout-constrained\" style=\"min-height:280px;padding-top:var(--wp--preset--spacing--30);padding-right:var(--wp--preset--spacing--30);padding-bottom:var(--wp--preset--spacing--30);padding-left:var(--wp--preset--spacing--30)\">\n<p class=\"ext-animate--on\">Kundn\u00f6jdhet som bevisar v\u00e5rt engagemang f\u00f6r att \u00f6vertr\u00e4ffa f\u00f6rv\u00e4ntningar.<\/p>\n<\/div>\n<\/div>\n<\/div>\n\n\n\n<div class=\"wp-block-column is-vertically-aligned-bottom ext-animate--on is-layout-flow wp-block-column-is-layout-flow\">\n<figure class=\"wp-block-image is-style-ext-preset--image--natural-1--image-1--content-bottom is-style-ext-preset--image--natural-1--image-1--content-bottom--9\"><img loading=\"lazy\" decoding=\"async\" width=\"1440\" height=\"961\" src=\"https:\/\/maeliontech.se\/wp-content\/uploads\/2026\/03\/4521456f2a0ca5e69bece7986c7622c0f7155beb.jpg\" alt=\"\" class=\"wp-image-36\" style=\"aspect-ratio:2\/3;object-fit:cover\" srcset=\"https:\/\/maeliontech.se\/wp-content\/uploads\/2026\/03\/4521456f2a0ca5e69bece7986c7622c0f7155beb.jpg 1440w, https:\/\/maeliontech.se\/wp-content\/uploads\/2026\/03\/4521456f2a0ca5e69bece7986c7622c0f7155beb-300x200.jpg 300w, https:\/\/maeliontech.se\/wp-content\/uploads\/2026\/03\/4521456f2a0ca5e69bece7986c7622c0f7155beb-1024x683.jpg 1024w, https:\/\/maeliontech.se\/wp-content\/uploads\/2026\/03\/4521456f2a0ca5e69bece7986c7622c0f7155beb-768x513.jpg 768w, https:\/\/maeliontech.se\/wp-content\/uploads\/2026\/03\/4521456f2a0ca5e69bece7986c7622c0f7155beb-18x12.jpg 18w\" sizes=\"auto, (max-width: 1440px) 100vw, 1440px\" \/><\/figure>\n<\/div>\n<\/div>\n<\/div>\n\n\n\n<div class=\"wp-block-group alignfull is-style-ext-preset--group--natural-1--section has-tertiary-background-color has-background has-global-padding is-layout-constrained wp-container-core-group-is-layout-6714b1d7 wp-block-group-is-layout-constrained\" id=\"om\" style=\"margin-top:0;margin-bottom:0;padding-top:var(--wp--preset--spacing--70);padding-bottom:var(--wp--preset--spacing--70)\">\n<h2 class=\"wp-block-heading has-text-align-center ext-animate--on\">Teknisk expertis som f\u00f6renklar utmaningar<\/h2>\n\n\n\n<p class=\"has-text-align-center ext-animate--on\" style=\"margin-top:1.5rem\">Maelion Tech f\u00f6rvandlar komplex teknik till tydliga l\u00f6sningar och driver innovation som st\u00e4rker ditt f\u00f6retags framtid.<\/p>\n\n\n\n<div class=\"wp-block-columns alignwide is-layout-flex wp-container-core-columns-is-layout-28f84493 wp-block-columns-is-layout-flex\">\n<div class=\"wp-block-column ext-animate--on is-layout-flow wp-block-column-is-layout-flow\">\n<figure class=\"wp-block-image size-full is-style-ext-preset-image-natural-1-image-1--content-bottom is-style-rounded\"><img decoding=\"async\" src=\"https:\/\/maeliontech.se\/wp-content\/uploads\/2026\/03\/OIP-1.webp\" alt=\"\" class=\"wp-image-79\" style=\"aspect-ratio:3\/4;object-fit:cover\"\/><\/figure>\n<\/div>\n\n\n\n<div class=\"wp-block-column ext-animate--on is-layout-flow wp-block-column-is-layout-flow\">\n<figure class=\"wp-block-image size-full is-style-ext-preset-image-natural-1-image-1--content-bottom is-style-rounded\"><img decoding=\"async\" src=\"https:\/\/maeliontech.se\/wp-content\/uploads\/2026\/03\/cable-assembly-1-2.jpeg\" alt=\"\" class=\"wp-image-75\" style=\"aspect-ratio:3\/4;object-fit:cover\"\/><\/figure>\n<\/div>\n\n\n\n<div class=\"wp-block-column ext-animate--on is-layout-flow wp-block-column-is-layout-flow\">\n<figure class=\"wp-block-image size-large is-style-ext-preset-image-natural-1-image-1--content-bottom is-style-rounded\"><img decoding=\"async\" src=\"https:\/\/maeliontech.se\/wp-content\/uploads\/2026\/03\/e41329c885f2167713dd832944910c06-1-1024x1024.jpg\" alt=\"\" class=\"wp-image-83\" style=\"aspect-ratio:3\/4;object-fit:cover\"\/><\/figure>\n<\/div>\n<\/div>\n<\/div>\n\n\n\n<div class=\"wp-block-group alignfull is-style-ext-preset--group--natural-1--section has-background-background-color has-background has-global-padding is-layout-constrained wp-container-core-group-is-layout-e955bbaf wp-block-group-is-layout-constrained\" id=\"funktioner\" style=\"margin-top:0;margin-bottom:0;padding-top:var(--wp--preset--spacing--70);padding-bottom:var(--wp--preset--spacing--70)\">\n<h2 class=\"wp-block-heading has-text-align-center ext-animate--on\">Teknologisk expertis som skapar framg\u00e5ng<\/h2>\n\n\n\n<p class=\"has-text-align-center ext-animate--on\" style=\"margin-top:1.5rem\">Uppt\u00e4ck hur Maelion Tech f\u00f6rvandlar komplexa tekniska utmaningar till innovativa l\u00f6sningar som st\u00e4rker din verksamhet.<\/p>\n\n\n\n<div class=\"wp-block-columns alignwide is-layout-flex wp-container-core-columns-is-layout-08c01c1c wp-block-columns-is-layout-flex\">\n<div class=\"wp-block-column ext-animate--on is-layout-flow wp-block-column-is-layout-flow\">\n<div class=\"wp-block-group is-style-ext-preset--group--natural-1--item-card-1--align-center has-global-padding is-layout-constrained wp-block-group-is-layout-constrained is-style-ext-preset--group--natural-1--item-card-1--align-center--12\">\n<figure class=\"wp-block-image\"><img loading=\"lazy\" decoding=\"async\" width=\"1440\" height=\"764\" src=\"https:\/\/maeliontech.se\/wp-content\/uploads\/2026\/03\/13265c5921a6f310a6a2476f69ad164d12be7905.jpg\" alt=\"\" class=\"wp-image-50\" style=\"aspect-ratio:4\/3;object-fit:cover\" srcset=\"https:\/\/maeliontech.se\/wp-content\/uploads\/2026\/03\/13265c5921a6f310a6a2476f69ad164d12be7905.jpg 1440w, https:\/\/maeliontech.se\/wp-content\/uploads\/2026\/03\/13265c5921a6f310a6a2476f69ad164d12be7905-300x159.jpg 300w, https:\/\/maeliontech.se\/wp-content\/uploads\/2026\/03\/13265c5921a6f310a6a2476f69ad164d12be7905-1024x543.jpg 1024w, https:\/\/maeliontech.se\/wp-content\/uploads\/2026\/03\/13265c5921a6f310a6a2476f69ad164d12be7905-768x407.jpg 768w, https:\/\/maeliontech.se\/wp-content\/uploads\/2026\/03\/13265c5921a6f310a6a2476f69ad164d12be7905-18x10.jpg 18w\" sizes=\"auto, (max-width: 1440px) 100vw, 1440px\" \/><\/figure>\n\n\n\n<div class=\"wp-block-group is-style-default has-global-padding is-layout-constrained wp-block-group-is-layout-constrained\">\n<h3 class=\"wp-block-heading has-text-align-center\">Teknisk r\u00e5dgivning<\/h3>\n\n\n\n<p class=\"has-text-align-center\">Vi erbjuder skr\u00e4ddarsydda konsulttj\u00e4nster som f\u00f6renklar avancerade ingenj\u00f6rsproblem.<\/p>\n<\/div>\n<\/div>\n<\/div>\n\n\n\n<div class=\"wp-block-column ext-animate--on is-layout-flow wp-block-column-is-layout-flow\">\n<div class=\"wp-block-group is-style-ext-preset--group--natural-1--item-card-1--align-center has-global-padding is-layout-constrained wp-block-group-is-layout-constrained is-style-ext-preset--group--natural-1--item-card-1--align-center--13\">\n<figure class=\"wp-block-gallery has-nested-images columns-default is-cropped ext-animate--on wp-block-gallery-14 is-layout-flex wp-block-gallery-is-layout-flex\">\n<figure class=\"wp-block-image size-full ext-animate--on\"><img loading=\"lazy\" decoding=\"async\" width=\"1440\" height=\"1080\" data-id=\"45\" src=\"https:\/\/maeliontech.se\/wp-content\/uploads\/2026\/03\/21b4013c7f9c5d7c0a99fa9a800e606900b55121.jpg\" alt=\"\" class=\"wp-image-45\" style=\"object-fit:cover\" srcset=\"https:\/\/maeliontech.se\/wp-content\/uploads\/2026\/03\/21b4013c7f9c5d7c0a99fa9a800e606900b55121.jpg 1440w, https:\/\/maeliontech.se\/wp-content\/uploads\/2026\/03\/21b4013c7f9c5d7c0a99fa9a800e606900b55121-300x225.jpg 300w, https:\/\/maeliontech.se\/wp-content\/uploads\/2026\/03\/21b4013c7f9c5d7c0a99fa9a800e606900b55121-1024x768.jpg 1024w, https:\/\/maeliontech.se\/wp-content\/uploads\/2026\/03\/21b4013c7f9c5d7c0a99fa9a800e606900b55121-768x576.jpg 768w, https:\/\/maeliontech.se\/wp-content\/uploads\/2026\/03\/21b4013c7f9c5d7c0a99fa9a800e606900b55121-16x12.jpg 16w\" sizes=\"auto, (max-width: 1440px) 100vw, 1440px\" \/><\/figure>\n<\/figure>\n\n\n\n<div class=\"wp-block-group is-style-default has-global-padding is-layout-constrained wp-block-group-is-layout-constrained\">\n<h3 class=\"wp-block-heading has-text-align-center\">Tekniska l\u00f6sningar<\/h3>\n\n\n\n<p class=\"has-text-align-center\">Vi utvecklar banbrytande teknologier f\u00f6r att driva din aff\u00e4r fram\u00e5t.<\/p>\n<\/div>\n<\/div>\n<\/div>\n\n\n\n<div class=\"wp-block-column ext-animate--on is-layout-flow wp-block-column-is-layout-flow\">\n<div class=\"wp-block-group is-style-ext-preset--group--natural-1--item-card-1--align-center has-global-padding is-layout-constrained wp-block-group-is-layout-constrained is-style-ext-preset--group--natural-1--item-card-1--align-center--15\">\n<figure class=\"wp-block-image size-full is-resized\"><img loading=\"lazy\" decoding=\"async\" width=\"322\" height=\"234\" src=\"https:\/\/maeliontech.se\/wp-content\/uploads\/2026\/03\/OIP-1-1.webp\" alt=\"\" class=\"wp-image-81\" style=\"aspect-ratio:1.3333333333333333;object-fit:cover;width:395px;height:auto\" srcset=\"https:\/\/maeliontech.se\/wp-content\/uploads\/2026\/03\/OIP-1-1.webp 322w, https:\/\/maeliontech.se\/wp-content\/uploads\/2026\/03\/OIP-1-1-300x218.webp 300w, https:\/\/maeliontech.se\/wp-content\/uploads\/2026\/03\/OIP-1-1-18x12.webp 18w\" sizes=\"auto, (max-width: 322px) 100vw, 322px\" \/><\/figure>\n\n\n\n<div class=\"wp-block-group is-style-default has-global-padding is-layout-constrained wp-block-group-is-layout-constrained\">\n<h3 class=\"wp-block-heading has-text-align-center\">Strategiskt partnerskap<\/h3>\n\n\n\n<p class=\"has-text-align-center\">Som din tekniska partner hj\u00e4lper vi dig att f\u00f6rverkliga visioner med avancerad kompetens.<\/p>\n<\/div>\n<\/div>\n<\/div>\n<\/div>\n<\/div>\n\n\n\n<div class=\"wp-block-group alignfull is-style-ext-preset--group--natural-1--section has-tertiary-background-color has-background has-global-padding is-layout-constrained wp-container-core-group-is-layout-e955bbaf wp-block-group-is-layout-constrained\" style=\"margin-top:0;margin-bottom:0;padding-top:var(--wp--preset--spacing--70);padding-bottom:var(--wp--preset--spacing--70)\"><\/div>\n\n\n\n<div class=\"wp-block-group alignfull is-style-ext-preset--group--natural-1--section ext-animate--off has-tertiary-background-color has-background has-global-padding is-layout-constrained wp-block-group-is-layout-constrained\" id=\"kontakt\" style=\"margin-top:0;margin-bottom:0;padding-top:var(--wp--preset--spacing--70);padding-bottom:var(--wp--preset--spacing--70)\">\n<div class=\"wp-block-media-text alignwide is-stacked-on-mobile is-image-fill-element is-style-ext-preset--media-text--natural-1--card-1 ext-animate--on has-background-background-color has-background is-style-ext-preset--media-text--natural-1--card-1--18\" style=\"grid-template-columns:48% auto\"><figure class=\"wp-block-media-text__media\"><img loading=\"lazy\" decoding=\"async\" width=\"1440\" height=\"960\" src=\"https:\/\/maeliontech.se\/wp-content\/uploads\/2026\/03\/ac47429ee9a94268b1398396d942dd5d5106f06b.jpg\" alt=\"\" class=\"wp-image-49 size-full\" style=\"object-position:50% 50%\" srcset=\"https:\/\/maeliontech.se\/wp-content\/uploads\/2026\/03\/ac47429ee9a94268b1398396d942dd5d5106f06b.jpg 1440w, https:\/\/maeliontech.se\/wp-content\/uploads\/2026\/03\/ac47429ee9a94268b1398396d942dd5d5106f06b-300x200.jpg 300w, https:\/\/maeliontech.se\/wp-content\/uploads\/2026\/03\/ac47429ee9a94268b1398396d942dd5d5106f06b-1024x683.jpg 1024w, https:\/\/maeliontech.se\/wp-content\/uploads\/2026\/03\/ac47429ee9a94268b1398396d942dd5d5106f06b-768x512.jpg 768w, https:\/\/maeliontech.se\/wp-content\/uploads\/2026\/03\/ac47429ee9a94268b1398396d942dd5d5106f06b-18x12.jpg 18w\" sizes=\"auto, (max-width: 1440px) 100vw, 1440px\" \/><\/figure><div class=\"wp-block-media-text__content\">\n<div class=\"wp-block-group alignwide ext-animate--off has-global-padding is-layout-constrained wp-container-core-group-is-layout-48493932 wp-block-group-is-layout-constrained\" style=\"padding-top:var(--wp--preset--spacing--55);padding-right:var(--wp--preset--spacing--55);padding-bottom:var(--wp--preset--spacing--55);padding-left:var(--wp--preset--spacing--55)\">\n<div class=\"wp-block-contact-form-7-contact-form-selector\">\n<div class=\"wpcf7 no-js\" id=\"wpcf7-f23-o1\" lang=\"sv-SE\" dir=\"ltr\" data-wpcf7-id=\"23\">\n<div class=\"screen-reader-response\"><p role=\"status\" aria-live=\"polite\" aria-atomic=\"true\"><\/p> <ul><\/ul><\/div>\n<form action=\"\/sv_se\/wp-json\/wp\/v2\/pages\/29#wpcf7-f23-o1\" method=\"post\" class=\"wpcf7-form init\" aria-label=\"Kontaktformul\u00e4r\" novalidate=\"novalidate\" data-status=\"init\">\n<fieldset class=\"hidden-fields-container\"><input type=\"hidden\" name=\"_wpcf7\" value=\"23\" \/><input type=\"hidden\" name=\"_wpcf7_version\" value=\"6.1.5\" \/><input type=\"hidden\" name=\"_wpcf7_locale\" value=\"sv_SE\" \/><input type=\"hidden\" name=\"_wpcf7_unit_tag\" value=\"wpcf7-f23-o1\" \/><input type=\"hidden\" name=\"_wpcf7_container_post\" value=\"0\" \/><input type=\"hidden\" name=\"_wpcf7_posted_data_hash\" value=\"\" \/>\n<\/fieldset>\n<p><label> Ditt namn<br \/>\n<span class=\"wpcf7-form-control-wrap\" data-name=\"your-name\"><input size=\"40\" maxlength=\"400\" class=\"wpcf7-form-control wpcf7-text wpcf7-validates-as-required\" autocomplete=\"name\" aria-required=\"true\" aria-invalid=\"false\" value=\"\" type=\"text\" name=\"your-name\" \/><\/span> <\/label>\n<\/p>\n<p><label> Din e-post<br \/>\n<span class=\"wpcf7-form-control-wrap\" data-name=\"your-email\"><input size=\"40\" maxlength=\"400\" class=\"wpcf7-form-control wpcf7-email wpcf7-validates-as-required wpcf7-text wpcf7-validates-as-email\" autocomplete=\"email\" aria-required=\"true\" aria-invalid=\"false\" value=\"\" type=\"email\" name=\"your-email\" \/><\/span> <\/label>\n<\/p>\n<p><label> \u00c4mne<br \/>\n<span class=\"wpcf7-form-control-wrap\" data-name=\"your-subject\"><input size=\"40\" maxlength=\"400\" class=\"wpcf7-form-control wpcf7-text wpcf7-validates-as-required\" aria-required=\"true\" aria-invalid=\"false\" value=\"\" type=\"text\" name=\"your-subject\" \/><\/span> <\/label>\n<\/p>\n<p><label> Ditt meddelande (valfritt)<br \/>\n<span class=\"wpcf7-form-control-wrap\" data-name=\"your-message\"><textarea cols=\"40\" rows=\"10\" maxlength=\"2000\" class=\"wpcf7-form-control wpcf7-textarea\" aria-invalid=\"false\" name=\"your-message\"><\/textarea><\/span> <\/label>\n<\/p>\n<p><input class=\"wpcf7-form-control wpcf7-submit has-spinner\" type=\"submit\" value=\"Skicka\" \/>\n<\/p><div class=\"wpcf7-response-output\" aria-hidden=\"true\"><\/div>\n<\/form>\n<\/div>\n<\/div>\n<\/div>\n<\/div><\/div>\n<\/div>\n","protected":false},"excerpt":{"rendered":"<p>N\u00e4r komponenterna strular, leveranserna haltar eller konstruktionen inte h\u00e5ller \u2013 d\u00e5 beh\u00f6ver du en partner som l\u00f6ser det p\u00e5 riktigt. Maelion Tech f\u00f6renklar komplexa tekniska utmaningar vi hj\u00e4lper teknik- och produktbolag att v\u00e4lja r\u00e4tt komponenter, l\u00f6sa tekniska utmaningar och s\u00e4kra stabil produktion.. Framg\u00e5ngsrika projekt som visar v\u00e5r f\u00f6rm\u00e5ga att leverera teknikl\u00f6sningar av h\u00f6gsta kvalitet. Kundn\u00f6jdhet [&hellip;]<\/p>\n","protected":false},"author":1,"featured_media":0,"parent":0,"menu_order":0,"comment_status":"closed","ping_status":"closed","template":"no-title","meta":{"om_disable_all_campaigns":false,"_monsterinsights_skip_tracking":false,"_monsterinsights_sitenote_active":false,"_monsterinsights_sitenote_note":"","_monsterinsights_sitenote_category":0,"footnotes":""},"class_list":["post-29","page","type-page","status-publish","hentry"],"aioseo_notices":[],"_links":{"self":[{"href":"https:\/\/maeliontech.se\/sv_se\/wp-json\/wp\/v2\/pages\/29","targetHints":{"allow":["GET"]}}],"collection":[{"href":"https:\/\/maeliontech.se\/sv_se\/wp-json\/wp\/v2\/pages"}],"about":[{"href":"https:\/\/maeliontech.se\/sv_se\/wp-json\/wp\/v2\/types\/page"}],"author":[{"embeddable":true,"href":"https:\/\/maeliontech.se\/sv_se\/wp-json\/wp\/v2\/users\/1"}],"replies":[{"embeddable":true,"href":"https:\/\/maeliontech.se\/sv_se\/wp-json\/wp\/v2\/comments?post=29"}],"version-history":[{"count":12,"href":"https:\/\/maeliontech.se\/sv_se\/wp-json\/wp\/v2\/pages\/29\/revisions"}],"predecessor-version":[{"id":177,"href":"https:\/\/maeliontech.se\/sv_se\/wp-json\/wp\/v2\/pages\/29\/revisions\/177"}],"wp:attachment":[{"href":"https:\/\/maeliontech.se\/sv_se\/wp-json\/wp\/v2\/media?parent=29"}],"curies":[{"name":"wp","href":"https:\/\/api.w.org\/{rel}","templated":true}]}}