{"id":28,"date":"2026-03-04T14:41:50","date_gmt":"2026-03-04T14:41:50","guid":{"rendered":"https:\/\/maeliontech.se\/tjanster\/"},"modified":"2026-04-14T16:33:10","modified_gmt":"2026-04-14T16:33:10","slug":"tjanster","status":"publish","type":"page","link":"https:\/\/maeliontech.se\/sv_se\/tjanster\/","title":{"rendered":"Produkter"},"content":{"rendered":"\n<div class=\"wp-block-group alignfull is-style-ext-preset--group--natural-1--section has-background-background-color has-background has-global-padding is-layout-constrained wp-container-core-group-is-layout-e955bbaf wp-block-group-is-layout-constrained\" id=\"tjanster\" style=\"margin-top:0;margin-bottom:0;padding-top:var(--wp--preset--spacing--70);padding-bottom:var(--wp--preset--spacing--70)\">\n<div class=\"wp-block-group alignwide ext-is-logical-start has-global-padding is-content-justification-left is-layout-constrained wp-container-core-group-is-layout-6729bdbe wp-block-group-is-layout-constrained\">\n<h2 class=\"wp-block-heading ext-animate--on\">Teknologiska l\u00f6sningar som f\u00f6rvandlar din verksamhet<\/h2>\n\n\n\n<p class=\"has-text-align-left ext-animate--on\">Uppt\u00e4ck v\u00e5rt breda tj\u00e4nsteutbud som f\u00f6renklar komplex teknik och st\u00e4rker din aff\u00e4rsstrategi.<\/p>\n<\/div>\n\n\n\n<div class=\"wp-block-columns alignwide is-layout-flex wp-container-core-columns-is-layout-08c01c1c wp-block-columns-is-layout-flex\">\n<div class=\"wp-block-column is-vertically-aligned-stretch ext-animate--on is-layout-flow wp-container-core-column-is-layout-f5bb311e wp-block-column-is-layout-flow\">\n<div class=\"wp-block-group is-style-ext-preset--group--natural-1--item-card-1--align-start has-global-padding is-layout-constrained wp-block-group-is-layout-constrained is-style-ext-preset--group--natural-1--item-card-1--align-start--2\">\n<div class=\"wp-block-group is-style-default has-global-padding is-layout-constrained wp-block-group-is-layout-constrained\">\n<div class=\"wp-block-group is-nowrap is-layout-flex wp-container-core-group-is-layout-64fa2afa wp-block-group-is-layout-flex\" style=\"padding-top:0;padding-right:0;padding-bottom:0;padding-left:0\">\n<figure class=\"wp-block-image size-large ext-aspect-landscape wp-duotone-primary-foreground\"><img decoding=\"async\" src=\"data:image\/svg+xml;base64,PHN2ZyB4bWxucz0iaHR0cDovL3d3dy53My5vcmcvMjAwMC9zdmciIHdpZHRoPSI0OCIgaGVpZ2h0PSI0OCIgZmlsbD0iIzAwMDAwMCIgdmlld0JveD0iMCAwIDI1NiAyNTYiPjxwYXRoIGQ9Ik0xNzIsNzZhNDQsNDQsMCwxLDAtNDQsNDRBNDQuMDUsNDQuMDUsMCwwLDAsMTcyLDc2Wm0tNDQsMjhhMjgsMjgsMCwxLDEsMjgtMjhBMjgsMjgsMCwwLDEsMTI4LDEwNFptNjAsMjRhNDQsNDQsMCwxLDAsNDQsNDRBNDQuMDUsNDQuMDUsMCwwLDAsMTg4LDEyOFptMCw3MmEyOCwyOCwwLDEsMSwyOC0yOEEyOCwyOCwwLDAsMSwxODgsMjAwWk02OCwxMjhhNDQsNDQsMCwxLDAsNDQsNDRBNDQuMDUsNDQuMDUsMCwwLDAsNjgsMTI4Wm0wLDcyYTI4LDI4LDAsMSwxLDI4LTI4QTI4LDI4LDAsMCwxLDY4LDIwMFoiPjwvcGF0aD48L3N2Zz4=\" alt=\"\" style=\"object-fit:cover\"\/><\/figure>\n\n\n\n<div class=\"wp-block-group wp-container-content-958eb9dc has-global-padding is-layout-constrained wp-container-core-group-is-layout-c06d165c wp-block-group-is-layout-constrained\" style=\"padding-top:0;padding-right:0;padding-bottom:0;padding-left:0\">\n<h3 class=\"wp-block-heading\">Kontaktdon &amp; Kablage<\/h3>\n\n\n\n<p>I en v\u00e4rld d\u00e4r elektronik blir allt mer kompakt, robust och intelligent \u00e4r <strong>tillf\u00f6rlitliga anslutningar<\/strong> helt avg\u00f6rande. Vi erbjuder ett brett sortiment av <strong>kontaktdon, kablage och kundanpassade l\u00f6sningar<\/strong> som s\u00e4kerst\u00e4ller stabil signal\u00f6verf\u00f6ring, l\u00e5ng livsl\u00e4ngd och maximal drifts\u00e4kerhet \u2014 oavsett milj\u00f6 eller applikation.<\/p>\n<\/div>\n<\/div>\n<\/div>\n<\/div>\n<\/div>\n\n\n\n<div class=\"wp-block-column is-vertically-aligned-stretch ext-animate--on is-layout-flow wp-container-core-column-is-layout-f5bb311e wp-block-column-is-layout-flow\">\n<div class=\"wp-block-group is-style-ext-preset--group--natural-1--item-card-1--align-start has-global-padding is-layout-constrained wp-block-group-is-layout-constrained is-style-ext-preset--group--natural-1--item-card-1--align-start--3\">\n<div class=\"wp-block-group is-style-default has-global-padding is-layout-constrained wp-block-group-is-layout-constrained\">\n<div class=\"wp-block-group is-nowrap is-layout-flex wp-container-core-group-is-layout-64fa2afa wp-block-group-is-layout-flex\" style=\"padding-top:0;padding-right:0;padding-bottom:0;padding-left:0\">\n<figure class=\"wp-block-image size-large ext-aspect-landscape wp-duotone-primary-foreground\"><img decoding=\"async\" src=\"data:image\/svg+xml;base64,PHN2ZyB4bWxucz0iaHR0cDovL3d3dy53My5vcmcvMjAwMC9zdmciIHdpZHRoPSI0OCIgaGVpZ2h0PSI0OCIgZmlsbD0iIzAwMDAwMCIgdmlld0JveD0iMCAwIDI1NiAyNTYiPjxwYXRoIGQ9Ik04MCw0MGE0MCw0MCwwLDEsMCw0MCw0MEE0MCw0MCwwLDAsMCw4MCw0MFptMCw2NGEyNCwyNCwwLDEsMSwyNC0yNEEyNCwyNCwwLDAsMSw4MCwxMDRabTk2LDE2YTQwLDQwLDAsMSwwLTQwLTQwQTQwLDQwLDAsMCwwLDE3NiwxMjBabTAtNjRhMjQsMjQsMCwxLDEtMjQsMjRBMjQsMjQsMCwwLDEsMTc2LDU2Wk04MCwxMzZhNDAsNDAsMCwxLDAsNDAsNDBBNDAsNDAsMCwwLDAsODAsMTM2Wm0wLDY0YTI0LDI0LDAsMSwxLDI0LTI0QTI0LDI0LDAsMCwxLDgwLDIwMFptOTYtNjRhNDAsNDAsMCwxLDAsNDAsNDBBNDAsNDAsMCwwLDAsMTc2LDEzNlptMCw2NGEyNCwyNCwwLDEsMSwyNC0yNEEyNCwyNCwwLDAsMSwxNzYsMjAwWiI+PC9wYXRoPjwvc3ZnPg==\" alt=\"\" style=\"object-fit:cover\"\/><\/figure>\n\n\n\n<div class=\"wp-block-group wp-container-content-958eb9dc has-global-padding is-layout-constrained wp-container-core-group-is-layout-c06d165c wp-block-group-is-layout-constrained\" style=\"padding-top:0;padding-right:0;padding-bottom:0;padding-left:0\">\n<h3 class=\"wp-block-heading\">Str\u00f6mf\u00f6rs\u00f6rjning<\/h3>\n\n\n\n<p>H\u00f6gkvalitativa och p\u00e5litliga produkter, d\u00e4ribland AC\/DC-str\u00f6mf\u00f6rs\u00f6rjningar, DC\/DC-omvandlare och tillbeh\u00f6rs komponenter s\u00e5som str\u00f6m sensorer och EMC-filter. Produkter anv\u00e4nds inom ett brett spektrum av industriella till\u00e4mpningar, bland annat inom automation och styrning, f\u00f6rnybar energi (solceller, vindkraft, laddning av elfordon m.m.), j\u00e4rnv\u00e4g, h\u00e4lso- och sjukv\u00e5rd samt smarta st\u00e4der m.m.<\/p>\n<\/div>\n<\/div>\n<\/div>\n<\/div>\n<\/div>\n\n\n\n<div class=\"wp-block-column is-vertically-aligned-stretch ext-animate--on is-layout-flow wp-container-core-column-is-layout-f5bb311e wp-block-column-is-layout-flow\">\n<div class=\"wp-block-group is-style-ext-preset--group--natural-1--item-card-1--align-start has-global-padding is-layout-constrained wp-block-group-is-layout-constrained is-style-ext-preset--group--natural-1--item-card-1--align-start--4\">\n<div class=\"wp-block-group is-style-default has-global-padding is-layout-constrained wp-block-group-is-layout-constrained\">\n<div class=\"wp-block-group is-nowrap is-layout-flex wp-container-core-group-is-layout-64fa2afa wp-block-group-is-layout-flex\" style=\"padding-top:0;padding-right:0;padding-bottom:0;padding-left:0\">\n<figure class=\"wp-block-image size-large ext-aspect-landscape wp-duotone-primary-foreground\"><img decoding=\"async\" src=\"data:image\/svg+xml;base64,PHN2ZyB4bWxucz0iaHR0cDovL3d3dy53My5vcmcvMjAwMC9zdmciIHdpZHRoPSI0OCIgaGVpZ2h0PSI0OCIgZmlsbD0iIzAwMDAwMCIgdmlld0JveD0iMCAwIDI1NiAyNTYiPjxwYXRoIGQ9Ik04MCw0MGE0MCw0MCwwLDEsMCw0MCw0MEE0MCw0MCwwLDAsMCw4MCw0MFptMCw2NGEyNCwyNCwwLDEsMSwyNC0yNEEyNCwyNCwwLDAsMSw4MCwxMDRabTk2LDE2YTQwLDQwLDAsMSwwLTQwLTQwQTQwLDQwLDAsMCwwLDE3NiwxMjBabTAtNjRhMjQsMjQsMCwxLDEtMjQsMjRBMjQsMjQsMCwwLDEsMTc2LDU2Wk04MCwxMzZhNDAsNDAsMCwxLDAsNDAsNDBBNDAsNDAsMCwwLDAsODAsMTM2Wm0wLDY0YTI0LDI0LDAsMSwxLDI0LTI0QTI0LDI0LDAsMCwxLDgwLDIwMFptMTM2LTI0YTgsOCwwLDAsMS04LDhIMTg0djI0YTgsOCwwLDAsMS0xNiwwVjE4NEgxNDRhOCw4LDAsMCwxLDAtMTZoMjRWMTQ0YTgsOCwwLDAsMSwxNiwwdjI0aDI0QTgsOCwwLDAsMSwyMTYsMTc2WiI+PC9wYXRoPjwvc3ZnPg==\" alt=\"\" style=\"object-fit:cover\"\/><\/figure>\n\n\n\n<div class=\"wp-block-group wp-container-content-958eb9dc has-global-padding is-layout-constrained wp-container-core-group-is-layout-c06d165c wp-block-group-is-layout-constrained\" style=\"padding-top:0;padding-right:0;padding-bottom:0;padding-left:0\">\n<h3 class=\"wp-block-heading\">Antennl\u00f6sningar &amp; \u00d6verstr\u00f6msskyddsrel\u00e4er  &amp;  Tidsm\u00e4tare &amp; \u00d6vriga tillbeh\u00f6r<\/h3>\n\n\n\n<p>H\u00f6gpresterande RF\u2011antenner konstruerade f\u00f6r optimerad signalintegritet, stabil link\u2011budget och robust tr\u00e5dl\u00f6s kommunikation i IoT\u2011, industri\u2011 och telekomapplikationer. Tillg\u00e4ngliga i flera frekvensband och formfaktorer f\u00f6r integrerade och externa system.<\/p>\n\n\n\n<p class=\"ext-animate--on\">\u26a1 <strong>\u00d6verstr\u00f6msskyddsrel\u00e4er<\/strong><\/p>\n\n\n\n<p class=\"ext-animate--on\">Skyddsrel\u00e4er f\u00f6r selektiv och snabb fr\u00e5nkoppling vid \u00f6verstr\u00f6m, \u00f6versp\u00e4nning eller n\u00e4tavvikelser. Utformade f\u00f6r att s\u00e4kerst\u00e4lla drifts\u00e4kerhet i l\u00e5g\u2011 och mellansp\u00e4nningssystem, med st\u00f6d f\u00f6r fj\u00e4rrindikering och modul\u00e4r integration i styr- och f\u00f6rdelningssk\u00e5p.<\/p>\n\n\n\n<p class=\"ext-animate--on\">\u23f1 <strong>Tidsm\u00e4tare<\/strong><\/p>\n\n\n\n<p class=\"ext-animate--on\">Precisionsenheter f\u00f6r tidsm\u00e4tning, sekvensering och processkontroll. Erbjuds som digitala och mekaniska l\u00f6sningar f\u00f6r applikationer d\u00e4r noggrann timing, repeterbarhet och tydlig visuell \u00e5terkoppling \u00e4r kritiska parametrar.<\/p>\n<\/div>\n<\/div>\n<\/div>\n<\/div>\n<\/div>\n<\/div>\n<\/div>\n\n\n\n<div class=\"wp-block-group alignfull is-style-ext-preset--group--natural-1--section has-tertiary-background-color has-background has-global-padding is-layout-constrained wp-container-core-group-is-layout-e955bbaf wp-block-group-is-layout-constrained\" style=\"margin-top:0;margin-bottom:0;padding-top:var(--wp--preset--spacing--70);padding-bottom:var(--wp--preset--spacing--70)\">\n<div class=\"wp-block-group alignwide ext-is-logical-start has-global-padding is-content-justification-left is-layout-constrained wp-container-core-group-is-layout-20186816 wp-block-group-is-layout-constrained\">\n<h2 class=\"wp-block-heading has-text-align-left ext-animate--on\">Strategiska tekniska partnerskap f\u00f6r h\u00e5llbar innovation<\/h2>\n\n\n\n<p class=\"has-text-align-left ext-animate--on\" style=\"margin-top:1.5rem\">Utforska v\u00e5ra specialiserade tekniktj\u00e4nster som f\u00f6renklar komplexa l\u00f6sningar och driver din verksamhet fram\u00e5t.<\/p>\n<\/div>\n\n\n\n<div class=\"wp-block-columns alignwide is-layout-flex wp-container-core-columns-is-layout-28f84493 wp-block-columns-is-layout-flex\">\n<div class=\"wp-block-column is-vertically-aligned-stretch ext-animate--on is-layout-flow wp-block-column-is-layout-flow\">\n<div class=\"wp-block-group is-style-ext-preset--group--natural-1--item-card-1--align-start has-background-background-color has-background is-vertical is-content-justification-stretch is-layout-flex wp-container-core-group-is-layout-4cb539e6 wp-block-group-is-layout-flex is-style-ext-preset--group--natural-1--item-card-1--align-start--6\" style=\"min-height:100%;padding-top:0;padding-right:0;padding-bottom:0;padding-left:0\">\n<div class=\"wp-block-group is-style-default wp-container-content-9cfa9a5a is-vertical is-content-justification-stretch is-layout-flex wp-container-core-group-is-layout-d1099038 wp-block-group-is-layout-flex\" style=\"margin-top:0;padding-top:1.5rem;padding-right:1.5rem;padding-bottom:1.5rem;padding-left:1.5rem\">\n<div class=\"wp-block-columns is-not-stacked-on-mobile is-layout-flex wp-container-core-columns-is-layout-ea69a204 wp-block-columns-is-layout-flex\">\n<div class=\"wp-block-column is-layout-flow wp-block-column-is-layout-flow\" style=\"flex-basis:66.66%\">\n<h3 class=\"wp-block-heading has-medium-font-size\">Kontaktdon &amp; Kablage<\/h3>\n\n\n\n<figure class=\"wp-block-image aligncenter size-large is-style-rounded ext-animate--on\"><img loading=\"lazy\" decoding=\"async\" width=\"768\" height=\"1024\" src=\"https:\/\/maeliontech.se\/wp-content\/uploads\/2026\/03\/kontaktdon-768x1024.png\" alt=\"\" class=\"wp-image-134\" srcset=\"https:\/\/maeliontech.se\/wp-content\/uploads\/2026\/03\/kontaktdon-768x1024.png 768w, https:\/\/maeliontech.se\/wp-content\/uploads\/2026\/03\/kontaktdon-225x300.png 225w, https:\/\/maeliontech.se\/wp-content\/uploads\/2026\/03\/kontaktdon-1152x1536.png 1152w, https:\/\/maeliontech.se\/wp-content\/uploads\/2026\/03\/kontaktdon-1536x2048.png 1536w, https:\/\/maeliontech.se\/wp-content\/uploads\/2026\/03\/kontaktdon-9x12.png 9w, https:\/\/maeliontech.se\/wp-content\/uploads\/2026\/03\/kontaktdon.png 1552w\" sizes=\"auto, (max-width: 768px) 100vw, 768px\" \/><\/figure>\n\n\n\n<ul class=\"wp-block-list ext-animate--on\">\n<li><strong>minskad service- och underh\u00e5llskostnad<\/strong><\/li>\n\n\n\n<li class=\"ext-animate--on\"><strong>enklare installation och integration<\/strong><\/li>\n\n\n\n<li class=\"ext-animate--on\"><strong>komponenter som h\u00e5ller \u00f6ver tid<\/strong><\/li>\n\n\n\n<li class=\"ext-animate--on\"><strong>m\u00f6jlighet till full kundanpassning<\/strong><\/li>\n<\/ul>\n<\/div>\n\n\n\n<div class=\"wp-block-column is-layout-flow wp-block-column-is-layout-flow\" style=\"flex-basis:33.33%\"><\/div>\n<\/div>\n<\/div>\n<\/div>\n<\/div>\n\n\n\n<div class=\"wp-block-column is-vertically-aligned-stretch ext-animate--on is-layout-flow wp-block-column-is-layout-flow\">\n<div class=\"wp-block-group is-style-ext-preset--group--natural-1--item-card-1--align-start has-background-background-color has-background is-vertical is-content-justification-stretch is-layout-flex wp-container-core-group-is-layout-4cb539e6 wp-block-group-is-layout-flex is-style-ext-preset--group--natural-1--item-card-1--align-start--7\" style=\"min-height:100%;padding-top:0;padding-right:0;padding-bottom:0;padding-left:0\">\n<div class=\"wp-block-group is-style-default wp-container-content-9cfa9a5a is-vertical is-content-justification-stretch is-layout-flex wp-container-core-group-is-layout-d1099038 wp-block-group-is-layout-flex\" style=\"margin-top:0;padding-top:1.5rem;padding-right:1.5rem;padding-bottom:1.5rem;padding-left:1.5rem\">\n<div class=\"wp-block-columns is-not-stacked-on-mobile is-layout-flex wp-container-core-columns-is-layout-ea69a204 wp-block-columns-is-layout-flex\">\n<div class=\"wp-block-column is-layout-flow wp-block-column-is-layout-flow\" style=\"flex-basis:66.66%\">\n<h3 class=\"wp-block-heading has-medium-font-size\">Str\u00f6mf\u00f6rs\u00f6rjning<\/h3>\n\n\n\n<figure class=\"wp-block-image size-large is-style-rounded\"><img loading=\"lazy\" decoding=\"async\" width=\"1024\" height=\"1024\" src=\"https:\/\/maeliontech.se\/wp-content\/uploads\/2026\/03\/e41329c885f2167713dd832944910c06-1024x1024.jpg\" alt=\"\" class=\"wp-image-141\" srcset=\"https:\/\/maeliontech.se\/wp-content\/uploads\/2026\/03\/e41329c885f2167713dd832944910c06-1024x1024.jpg 1024w, https:\/\/maeliontech.se\/wp-content\/uploads\/2026\/03\/e41329c885f2167713dd832944910c06-300x300.jpg 300w, https:\/\/maeliontech.se\/wp-content\/uploads\/2026\/03\/e41329c885f2167713dd832944910c06-150x150.jpg 150w, https:\/\/maeliontech.se\/wp-content\/uploads\/2026\/03\/e41329c885f2167713dd832944910c06-768x768.jpg 768w, https:\/\/maeliontech.se\/wp-content\/uploads\/2026\/03\/e41329c885f2167713dd832944910c06-12x12.jpg 12w, https:\/\/maeliontech.se\/wp-content\/uploads\/2026\/03\/e41329c885f2167713dd832944910c06.jpg 1200w\" sizes=\"auto, (max-width: 1024px) 100vw, 1024px\" \/><\/figure>\n\n\n\n<p class=\"ext-animate--on\"><\/p>\n\n\n\n<p style=\"margin-top:4px;margin-bottom:0;font-size:14px\">I dagens elektronik landskap \u00e4r <strong>tillf\u00f6rlitlig str\u00f6mf\u00f6rs\u00f6rjning<\/strong> en av de mest avg\u00f6rande faktorerna f\u00f6r produktens livsl\u00e4ngd, prestanda och s\u00e4kerhet. Vi erbjuder ett brett sortiment av <strong>AC\/DC\u2011aggregat, DC\/DC\u2011omvandlare och kundanpassade power\u2011moduler<\/strong> som ger stabil, effektiv och robust kraft \u2014 \u00e4ven i de mest kr\u00e4vande milj\u00f6erna.<\/p>\n<\/div>\n\n\n\n<div class=\"wp-block-column is-layout-flow wp-block-column-is-layout-flow\" style=\"flex-basis:33.33%\"><\/div>\n<\/div>\n<\/div>\n<\/div>\n<\/div>\n\n\n\n<div class=\"wp-block-column is-vertically-aligned-stretch ext-animate--on is-layout-flow wp-block-column-is-layout-flow\">\n<div class=\"wp-block-group is-style-ext-preset--group--natural-1--item-card-1--align-start has-background-background-color has-background is-vertical is-content-justification-stretch is-layout-flex wp-container-core-group-is-layout-4cb539e6 wp-block-group-is-layout-flex is-style-ext-preset--group--natural-1--item-card-1--align-start--8\" style=\"min-height:100%;padding-top:0;padding-right:0;padding-bottom:0;padding-left:0\">\n<div class=\"wp-block-group is-style-default wp-container-content-9cfa9a5a is-vertical is-content-justification-stretch is-layout-flex wp-container-core-group-is-layout-2f2da33a wp-block-group-is-layout-flex\" style=\"margin-top:0;padding-top:1.5rem;padding-right:1.5rem;padding-bottom:1.5rem;padding-left:1.5rem\">\n<div class=\"wp-block-columns is-not-stacked-on-mobile is-layout-flex wp-container-core-columns-is-layout-ea69a204 wp-block-columns-is-layout-flex\">\n<div class=\"wp-block-column is-layout-flow wp-block-column-is-layout-flow\" style=\"flex-basis:66.66%\">\n<h3 class=\"wp-block-heading has-medium-font-size\">Antennl\u00f6sningar &amp; \u00d6verstr\u00f6msskyddsrel\u00e4er  &amp;  Tidsm\u00e4tare &amp; \u00d6vriga tillbeh\u00f6r<\/h3>\n\n\n\n<figure class=\"wp-block-image size-full ext-animate--on is-style-rounded\"><img loading=\"lazy\" decoding=\"async\" width=\"2560\" height=\"2560\" src=\"https:\/\/maeliontech.se\/wp-content\/uploads\/2026\/04\/Long-Range-Outdoor-D.jpg\" alt=\"\" class=\"wp-image-193\" srcset=\"https:\/\/maeliontech.se\/wp-content\/uploads\/2026\/04\/Long-Range-Outdoor-D.jpg 2560w, https:\/\/maeliontech.se\/wp-content\/uploads\/2026\/04\/Long-Range-Outdoor-D-300x300.jpg 300w, https:\/\/maeliontech.se\/wp-content\/uploads\/2026\/04\/Long-Range-Outdoor-D-1024x1024.jpg 1024w, https:\/\/maeliontech.se\/wp-content\/uploads\/2026\/04\/Long-Range-Outdoor-D-150x150.jpg 150w, https:\/\/maeliontech.se\/wp-content\/uploads\/2026\/04\/Long-Range-Outdoor-D-768x768.jpg 768w, https:\/\/maeliontech.se\/wp-content\/uploads\/2026\/04\/Long-Range-Outdoor-D-1536x1536.jpg 1536w, https:\/\/maeliontech.se\/wp-content\/uploads\/2026\/04\/Long-Range-Outdoor-D-2048x2048.jpg 2048w, https:\/\/maeliontech.se\/wp-content\/uploads\/2026\/04\/Long-Range-Outdoor-D-12x12.jpg 12w\" sizes=\"auto, (max-width: 2560px) 100vw, 2560px\" \/><\/figure>\n\n\n\n<p class=\"ext-animate--on\">RF\u2011antenner f\u00f6r h\u00f6g signalintegritet, optimerad link\u2011budget och stabil kommunikation \u00f6ver definierade frekvensband.<\/p>\n\n\n\n<p class=\"ext-animate--on\">Snabbverkande skyddsrel\u00e4er f\u00f6r selektiv fr\u00e5nkoppling vid \u00f6verstr\u00f6m och transienter i l\u00e5g\u2011 och mellansp\u00e4nningssystem.<\/p>\n\n\n\n<p class=\"ext-animate--on\">Precisionsenheter f\u00f6r tidsm\u00e4tning och sekvensering med h\u00f6g repeterbarhet och l\u00e5g toleransavvikelse.<\/p>\n<\/div>\n\n\n\n<div class=\"wp-block-column is-layout-flow wp-block-column-is-layout-flow\" style=\"flex-basis:33.33%\"><\/div>\n<\/div>\n<\/div>\n<\/div>\n<\/div>\n<\/div>\n<\/div>\n","protected":false},"excerpt":{"rendered":"<p>Teknologiska l\u00f6sningar som f\u00f6rvandlar din verksamhet Uppt\u00e4ck v\u00e5rt breda tj\u00e4nsteutbud som f\u00f6renklar komplex teknik och st\u00e4rker din aff\u00e4rsstrategi. Kontaktdon &amp; Kablage I en v\u00e4rld d\u00e4r elektronik blir allt mer kompakt, robust och intelligent \u00e4r tillf\u00f6rlitliga anslutningar helt avg\u00f6rande. Vi erbjuder ett brett sortiment av kontaktdon, kablage och kundanpassade l\u00f6sningar som s\u00e4kerst\u00e4ller stabil signal\u00f6verf\u00f6ring, l\u00e5ng livsl\u00e4ngd [&hellip;]<\/p>\n","protected":false},"author":1,"featured_media":0,"parent":0,"menu_order":0,"comment_status":"closed","ping_status":"closed","template":"page-with-title","meta":{"om_disable_all_campaigns":false,"_monsterinsights_skip_tracking":false,"_monsterinsights_sitenote_active":false,"_monsterinsights_sitenote_note":"","_monsterinsights_sitenote_category":0,"footnotes":""},"class_list":["post-28","page","type-page","status-publish","hentry"],"aioseo_notices":[],"_links":{"self":[{"href":"https:\/\/maeliontech.se\/sv_se\/wp-json\/wp\/v2\/pages\/28","targetHints":{"allow":["GET"]}}],"collection":[{"href":"https:\/\/maeliontech.se\/sv_se\/wp-json\/wp\/v2\/pages"}],"about":[{"href":"https:\/\/maeliontech.se\/sv_se\/wp-json\/wp\/v2\/types\/page"}],"author":[{"embeddable":true,"href":"https:\/\/maeliontech.se\/sv_se\/wp-json\/wp\/v2\/users\/1"}],"replies":[{"embeddable":true,"href":"https:\/\/maeliontech.se\/sv_se\/wp-json\/wp\/v2\/comments?post=28"}],"version-history":[{"count":10,"href":"https:\/\/maeliontech.se\/sv_se\/wp-json\/wp\/v2\/pages\/28\/revisions"}],"predecessor-version":[{"id":194,"href":"https:\/\/maeliontech.se\/sv_se\/wp-json\/wp\/v2\/pages\/28\/revisions\/194"}],"wp:attachment":[{"href":"https:\/\/maeliontech.se\/sv_se\/wp-json\/wp\/v2\/media?parent=28"}],"curies":[{"name":"wp","href":"https:\/\/api.w.org\/{rel}","templated":true}]}}